{"id":165,"date":"2021-03-19T18:19:24","date_gmt":"2021-03-19T18:19:24","guid":{"rendered":"https:\/\/moulinenpierre.com\/?page_id=165"},"modified":"2022-01-23T21:37:20","modified_gmt":"2022-01-23T21:37:20","slug":"local-area-location","status":"publish","type":"page","link":"https:\/\/moulinenpierre.com\/fr\/local-area-location\/","title":{"rendered":"Zone locale"},"content":{"rendered":"<div class=\"wp-block-columns is-layout-flex wp-container-core-columns-is-layout-9d6595d7 wp-block-columns-is-layout-flex\">\n<div class=\"wp-block-column is-layout-flow wp-block-column-is-layout-flow\">\n<h2 class=\"wp-block-heading\">Localisation<\/h2>\n\n\n\n<p>Moulin En Pierre est situ\u00e9 dans la campagne, mais aussi \u00e0 proximit\u00e9 du village de Floirac. Le village lui-m\u00eame appr\u00e9cie une communaut\u00e9 vivante et offre une vari\u00e9t\u00e9 de commodit\u00e9s, y incluant un bureau de poste local, une biblioth\u00e8que, une maison publique, un restaurant, une \u00e9glise, une salle des f\u00eates et des march\u00e9s. La propri\u00e9t\u00e9 n'est pas loin de la c\u00e9l\u00e8bre rivi\u00e8re Dordogne qui offre de superbes activit\u00e9s nautiques, du kayak et de la p\u00eache. La campagne fran\u00e7aise environnante est parfaite pour les promenades, la nature, les pique-niques et les sorties.<\/p>\n\n\n\n<h2 class=\"wp-block-heading\">Commodit\u00e9s<\/h2>\n\n\n\n<p>Alors que le Moulin est situ\u00e9 dans un endroit tranquille, vous n'\u00eates pas loin des villes prosp\u00e8res de Vayrac, Bretenoux, Gramat et St Cere. En outre, \u00e0 quelques minutes de route, vous trouverez Carennac, qui est officiellement l'un des plus beaux villages de France. Les attractions connues de Gouffre de Padriac, Rocamadour et les pistes de ski du Lioran ne sont qu'\u00e0 quelques minutes en voiture. Si vous aimez la solitude et la nature, ou l'agitation et l'aventure, Moulin En Pierre est parfaitement situ\u00e9 pour tous.<\/p>\n\n\n\n<h2 class=\"wp-block-heading\">Supermarch\u00e9s et march\u00e9s<\/h2>\n\n\n\n<p>Vayrac (5min) - Supermarch\u00e9 Spar, Stations d'essence, Banques, Boulangerie, P\u00e2tisseries.<\/p>\n\n\n\n<p>Quatre Routes (10min) &#8211;  Carrefour<\/p>\n\n\n\n<p>Martel (15min) - Intermarch\u00e9<\/p>\n\n\n\n<p>Gramat, Bretenoux, St Cere (20mins) &#8211; Leclerc, Lidl, Aldi<\/p>\n\n\n\n<h2 class=\"wp-block-heading\">Connexions<\/h2>\n\n\n\n<p>A\u00e9roports - Brive 35mins, Limoges 60mins, Bergerac 120mins, Toulouse 120mins<\/p>\n\n\n\n<p>Gares - Martel St Denis 5mins, Bretenoux 20mins <\/p>\n<\/div>\n\n\n\n<div class=\"wp-block-column is-layout-flow wp-block-column-is-layout-flow\">\n<div id=\"section-g871379\" class=\"wp-block-gutentor-e6 section-g871379 gutentor-element gutentor-element-image\"><div class=\"gutentor-element-image-box\"><div class=\"gutentor-image-thumb\"><img decoding=\"async\" class=\"normal-image\" src=\"https:\/\/moulinenpierre.com\/wp-content\/uploads\/2021\/03\/Location46-2-2.png\" \/><\/div><\/div><\/div>\n\n\n\n<p class=\"has-text-align-center\">Region: <strong>Midi-Pyrenees<\/strong><\/p>\n\n\n\n<p class=\"has-text-align-center\">Department: <strong>Lot (46)<\/strong> <\/p>\n\n\n\n<p class=\"has-text-align-center\">Commune: <strong>Floirac (46600)<\/strong><\/p>\n<\/div>\n<\/div>\n\n\n\n<h2 class=\"has-text-align-center wp-block-heading\">Endroits \u00e0 visiter<\/h2>\n\n\n\n<div class=\"wp-block-columns is-layout-flex wp-container-core-columns-is-layout-9d6595d7 wp-block-columns-is-layout-flex\">\n<div class=\"wp-block-column is-layout-flow wp-block-column-is-layout-flow\">\n<div id=\"section-gfeca3b\" class=\"wp-block-gutentor-e6 section-gfeca3b gutentor-element gutentor-element-image\"><div class=\"gutentor-element-image-box\"><div class=\"gutentor-image-thumb\"><img decoding=\"async\" class=\"normal-image\" src=\"https:\/\/moulinenpierre.com\/wp-content\/uploads\/2021\/03\/rocamadour.jpg\" \/><\/div><\/div><\/div>\n\n\n\n<h2 class=\"has-text-align-center wp-block-heading\">Rocamadour<\/h2>\n\n\n\n<p class=\"has-text-align-center\">Village situ\u00e9 au sommet d'une falaise dans le centre-sud de la France. Il est connu pour la Cit\u00e9 R\u00e9ligieuse \u00e0 laquelle on peut acc\u00e9der par l'escalier du Grand Escalier.<\/p>\n<\/div>\n\n\n\n<div class=\"wp-block-column is-layout-flow wp-block-column-is-layout-flow\">\n<div id=\"section-gfcaf38\" class=\"wp-block-gutentor-e6 section-gfcaf38 gutentor-element gutentor-element-image\"><div class=\"gutentor-element-image-box\"><div class=\"gutentor-image-thumb\"><img decoding=\"async\" class=\"normal-image\" src=\"https:\/\/moulinenpierre.com\/wp-content\/uploads\/2021\/03\/padriac.jpg\" \/><\/div><\/div><\/div>\n\n\n\n<h2 class=\"has-text-align-center wp-block-heading\">Gouffre de Padirac<\/h2>\n\n\n\n<p class=\"has-text-align-center\">Le Gouffre de Padirac est une grotte situ\u00e9e pr\u00e8s de Gramat, dans le d\u00e9partement du Lot, r\u00e9gion Occitanie, France<\/p>\n<\/div>\n\n\n\n<div class=\"wp-block-column is-layout-flow wp-block-column-is-layout-flow\">\n<div id=\"section-g6f847c\" class=\"wp-block-gutentor-e6 section-g6f847c gutentor-element gutentor-element-image\"><div class=\"gutentor-element-image-box\"><div class=\"gutentor-image-thumb\"><img decoding=\"async\" class=\"normal-image\" src=\"https:\/\/moulinenpierre.com\/wp-content\/uploads\/2021\/03\/carennac.jpg\" \/><\/div><\/div><\/div>\n\n\n\n<h2 class=\"has-text-align-center wp-block-heading\">Carennac<\/h2>\n\n\n\n<p class=\"has-text-align-center\">Situ\u00e9 dans la vall\u00e9e de la rivi\u00e8re Dordogne, un beau village qui date du 11\u00e8me si\u00e8cle.<\/p>\n<\/div>\n<\/div>\n\n\n\n<div class=\"wp-block-columns is-layout-flex wp-container-core-columns-is-layout-9d6595d7 wp-block-columns-is-layout-flex\">\n<div class=\"wp-block-column is-layout-flow wp-block-column-is-layout-flow\">\n<div id=\"section-g7e6a3a\" class=\"wp-block-gutentor-e6 section-g7e6a3a gutentor-element gutentor-element-image\"><div class=\"gutentor-element-image-box\"><div class=\"gutentor-image-thumb\"><img decoding=\"async\" class=\"normal-image\" src=\"https:\/\/moulinenpierre.com\/wp-content\/uploads\/2021\/03\/le_lioran.jpg\" \/><\/div><\/div><\/div>\n\n\n\n<h2 class=\"has-text-align-center wp-block-heading\">Le Lioran<\/h2>\n\n\n\n<p class=\"has-text-align-center\">Station de montagne au c\u0153ur de la France continentale, large \u00e9ventail d'activit\u00e9s sportives et de loisirs orient\u00e9es vers les sports d'hiver.<\/p>\n<\/div>\n\n\n\n<div class=\"wp-block-column is-layout-flow wp-block-column-is-layout-flow\">\n<div id=\"section-gbc9da3\" class=\"wp-block-gutentor-e6 section-gbc9da3 gutentor-element gutentor-element-image\"><div class=\"gutentor-element-image-box\"><div class=\"gutentor-image-thumb\"><img decoding=\"async\" class=\"normal-image\" src=\"https:\/\/moulinenpierre.com\/wp-content\/uploads\/2021\/03\/waterpark.jpg\" \/><\/div><\/div><\/div>\n\n\n\n<h2 class=\"has-text-align-center wp-block-heading\">Parc de loisirs la Saule<\/h2>\n\n\n\n<p class=\"has-text-align-center\">Parc aquatique bien \u00e9quip\u00e9, toboggans, pataugeoire, trampolines, structures gonflables pour jeux d'eau.<\/p>\n<\/div>\n\n\n\n<div class=\"wp-block-column is-layout-flow wp-block-column-is-layout-flow\">\n<div id=\"section-gce6912\" class=\"wp-block-gutentor-e6 section-gce6912 gutentor-element gutentor-element-image\"><div class=\"gutentor-element-image-box\"><div class=\"gutentor-image-thumb\"><img decoding=\"async\" class=\"normal-image\" src=\"https:\/\/moulinenpierre.com\/wp-content\/uploads\/2021\/03\/chateau-de-castelnau.jpg\" \/><\/div><\/div><\/div>\n\n\n\n<h2 class=\"has-text-align-center wp-block-heading\">Ch\u00e2teau de Castelnau<\/h2>\n\n\n\n<p class=\"has-text-align-center\">Le plus impressionnant de la r\u00e9gion, class\u00e9 monument historique par le minist\u00e8re fran\u00e7ais de la Culture depuis 1862.<\/p>\n<\/div>\n<\/div>\n\n\n\n<div class=\"wp-block-columns is-layout-flex wp-container-core-columns-is-layout-9d6595d7 wp-block-columns-is-layout-flex\">\n<div class=\"wp-block-column is-layout-flow wp-block-column-is-layout-flow\">\n<div id=\"section-gcadb07\" class=\"wp-block-gutentor-e6 section-gcadb07 gutentor-element gutentor-element-image\"><div class=\"gutentor-element-image-box\"><div class=\"gutentor-image-thumb\"><img decoding=\"async\" class=\"normal-image\" src=\"https:\/\/moulinenpierre.com\/wp-content\/uploads\/2022\/01\/lac-de-tauriac.jpeg\" \/><\/div><\/div><\/div>\n\n\n\n<h2 class=\"has-text-align-center wp-block-heading\">Tauriac Lac<\/h2>\n\n\n\n<p class=\"has-text-align-center\">Activity lake is open to the public free of charge, enjoy swimming, paddle boarding, picnics and a bistro in this magnificent setting.<\/p>\n<\/div>\n\n\n\n<div class=\"wp-block-column is-layout-flow wp-block-column-is-layout-flow\">\n<div id=\"section-g674476\" class=\"wp-block-gutentor-e6 section-g674476 gutentor-element gutentor-element-image\"><div class=\"gutentor-element-image-box\"><div class=\"gutentor-image-thumb\"><img decoding=\"async\" class=\"normal-image\" src=\"https:\/\/moulinenpierre.com\/wp-content\/uploads\/2022\/01\/gluges.jpg\" \/><\/div><\/div><\/div>\n\n\n\n<h2 class=\"has-text-align-center wp-block-heading\">Gluges Plage<\/h2>\n\n\n\n<p class=\"has-text-align-center\">At the foot of the cliffs of the Dordogne, this shady site offers you a cool swim in the white waters of the river. The beach is monitored every afternoon in July and August.<\/p>\n<\/div>\n\n\n\n<div class=\"wp-block-column is-layout-flow wp-block-column-is-layout-flow\">\n<div id=\"section-g2ac9b6\" class=\"wp-block-gutentor-e6 section-g2ac9b6 gutentor-element gutentor-element-image\"><div class=\"gutentor-element-image-box\"><div class=\"gutentor-image-thumb\"><img decoding=\"async\" class=\"normal-image\" src=\"https:\/\/moulinenpierre.com\/wp-content\/uploads\/2022\/01\/kayak.jpeg\" \/><\/div><\/div><\/div>\n\n\n\n<h2 class=\"has-text-align-center wp-block-heading\">Dordogne River<\/h2>\n\n\n\n<p class=\"has-text-align-center\">The dordogne river is only a stone&#8217;s throw from Moulin\u00a0en Pierre, you can enjoy fun activities from wild swimming to kayaking, fishing and more&#8230;<\/p>\n<\/div>\n<\/div>","protected":false},"excerpt":{"rendered":"<p>Situation Moulin En Pierre is set in the countryside but is also conveniently situated close to the village of Floirac. The village itself enjoys a thriving community and provides a range of amenities including a local post office, library,&nbsp; public house, restaurant, church, village hall and markets.&nbsp;The property is only a stone&#8217;s throw from the famous Dordogne River which boasts superb water sport activities, kayaking and fishing, the surrounding French countryside is perfect for walks, taking in nature, picnics and days out. Amenities Whilst the Moulin is set in a <\/p>","protected":false},"author":1,"featured_media":0,"parent":0,"menu_order":0,"comment_status":"closed","ping_status":"closed","template":"","meta":{"footnotes":""},"class_list":["post-165","page","type-page","status-publish","hentry"],"_links":{"self":[{"href":"https:\/\/moulinenpierre.com\/fr\/wp-json\/wp\/v2\/pages\/165","targetHints":{"allow":["GET"]}}],"collection":[{"href":"https:\/\/moulinenpierre.com\/fr\/wp-json\/wp\/v2\/pages"}],"about":[{"href":"https:\/\/moulinenpierre.com\/fr\/wp-json\/wp\/v2\/types\/page"}],"author":[{"embeddable":true,"href":"https:\/\/moulinenpierre.com\/fr\/wp-json\/wp\/v2\/users\/1"}],"replies":[{"embeddable":true,"href":"https:\/\/moulinenpierre.com\/fr\/wp-json\/wp\/v2\/comments?post=165"}],"version-history":[{"count":62,"href":"https:\/\/moulinenpierre.com\/fr\/wp-json\/wp\/v2\/pages\/165\/revisions"}],"predecessor-version":[{"id":596,"href":"https:\/\/moulinenpierre.com\/fr\/wp-json\/wp\/v2\/pages\/165\/revisions\/596"}],"wp:attachment":[{"href":"https:\/\/moulinenpierre.com\/fr\/wp-json\/wp\/v2\/media?parent=165"}],"curies":[{"name":"wp","href":"https:\/\/api.w.org\/{rel}","templated":true}]}}