{"id":313,"date":"2021-03-20T20:59:33","date_gmt":"2021-03-20T20:59:33","guid":{"rendered":"https:\/\/moulinenpierre.com\/?page_id=313"},"modified":"2022-01-23T21:58:34","modified_gmt":"2022-01-23T21:58:34","slug":"home","status":"publish","type":"page","link":"https:\/\/moulinenpierre.com\/fr\/","title":{"rendered":""},"content":{"rendered":"<div class=\"wp-block-columns is-layout-flex wp-container-core-columns-is-layout-9d6595d7 wp-block-columns-is-layout-flex\">\n<div class=\"wp-block-column is-layout-flow wp-block-column-is-layout-flow\">\n<div id=\"section-g789db6\" class=\"wp-block-gutentor-e6 section-g789db6 gutentor-element gutentor-element-image\"><div class=\"gutentor-element-image-box\"><div class=\"gutentor-image-thumb\"><img decoding=\"async\" class=\"normal-image\" src=\"https:\/\/moulinenpierre.com\/wp-content\/uploads\/2021\/03\/tray1.png\" \/><\/div><\/div><\/div>\n\n\n\n<div id=\"section-g10fde6\" class=\"wp-block-gutentor-e6 section-g10fde6 gutentor-element gutentor-element-image\"><div class=\"gutentor-element-image-box\"><div class=\"gutentor-image-thumb\"><img decoding=\"async\" class=\"normal-image\" src=\"https:\/\/moulinenpierre.com\/wp-content\/uploads\/2021\/03\/white-spacer.png\" \/><\/div><\/div><\/div>\n<\/div>\n\n\n\n<div class=\"wp-block-column is-layout-flow wp-block-column-is-layout-flow\">\n<div id=\"section-ga00ca8\" class=\"wp-block-gutentor-e6 section-ga00ca8 gutentor-element gutentor-element-image\"><div class=\"gutentor-element-image-box\"><div class=\"gutentor-image-thumb\"><img decoding=\"async\" class=\"normal-image\" src=\"https:\/\/moulinenpierre.com\/wp-content\/uploads\/2021\/03\/tray2.png\" \/><\/div><\/div><\/div>\n\n\n\n<div id=\"section-g38097f\" class=\"wp-block-gutentor-e6 section-g38097f gutentor-element gutentor-element-image\"><div class=\"gutentor-element-image-box\"><div class=\"gutentor-image-thumb\"><img decoding=\"async\" class=\"normal-image\" src=\"https:\/\/moulinenpierre.com\/wp-content\/uploads\/2021\/03\/white-spacer.png\" \/><\/div><\/div><\/div>\n<\/div>\n\n\n\n<div class=\"wp-block-column is-layout-flow wp-block-column-is-layout-flow\">\n<div id=\"section-g89850c\" class=\"wp-block-gutentor-e6 section-g89850c gutentor-element gutentor-element-image text-align-center-desktop\"><div class=\"gutentor-element-image-box\"><div class=\"gutentor-image-thumb\"><img decoding=\"async\" class=\"normal-image\" src=\"https:\/\/moulinenpierre.com\/wp-content\/uploads\/2021\/03\/tray5.png\" \/><\/div><\/div><\/div>\n\n\n\n<div id=\"section-ge66b13\" class=\"wp-block-gutentor-e6 section-ge66b13 gutentor-element gutentor-element-image\"><div class=\"gutentor-element-image-box\"><div class=\"gutentor-image-thumb\"><img decoding=\"async\" class=\"normal-image\" src=\"https:\/\/moulinenpierre.com\/wp-content\/uploads\/2021\/03\/white-spacer.png\" \/><\/div><\/div><\/div>\n<\/div>\n\n\n\n<div class=\"wp-block-column is-layout-flow wp-block-column-is-layout-flow\">\n<div id=\"section-gc930a1\" class=\"wp-block-gutentor-e6 section-gc930a1 gutentor-element gutentor-element-image\"><div class=\"gutentor-element-image-box\"><div class=\"gutentor-image-thumb\"><img decoding=\"async\" class=\"normal-image\" src=\"https:\/\/moulinenpierre.com\/wp-content\/uploads\/2021\/03\/tray4.png\" \/><\/div><\/div><\/div>\n\n\n\n<div id=\"section-g0601c0\" class=\"wp-block-gutentor-e6 section-g0601c0 gutentor-element gutentor-element-image\"><div class=\"gutentor-element-image-box\"><div class=\"gutentor-image-thumb\"><img decoding=\"async\" class=\"normal-image\" src=\"https:\/\/moulinenpierre.com\/wp-content\/uploads\/2021\/03\/white-spacer.png\" \/><\/div><\/div><\/div>\n<\/div>\n<\/div>\n\n\n\n<div class=\"wp-block-columns is-layout-flex wp-container-core-columns-is-layout-9d6595d7 wp-block-columns-is-layout-flex\">\n<div class=\"wp-block-column is-layout-flow wp-block-column-is-layout-flow\">\n<p>&#8211; Guests 8<br>&#8211; Bedrooms 4 ( 1 in the petite maison)<br>&#8211; Private Pool<br>&#8211; Riverside setting.<br>&#8211; Change over Day : Saturday<br>&#8211; Minimum stay 7 nights<\/p>\n<\/div>\n\n\n\n<div class=\"wp-block-column is-layout-flow wp-block-column-is-layout-flow\">\n<p><meta charset=\"utf-8\"><strong>Main House<\/strong><\/p>\n\n\n\n<p><strong>Bedroom 1<\/strong> &#8211; King Size Bed 150&#215;200 &#8211; Sleeps 2 people<br><strong>Bedroom 2<\/strong> &#8211; Double Full Bed 135&#215;190 &#8211; Sleeps 2 people<br><strong>Bedroom 3 <\/strong>&#8211; 2x Single Beds 90&#215;190 &#8211; Sleeps 2 people<br><strong>Family Bathroom<\/strong> &#8211; Bath with Shower, WC and Basin<\/p>\n<\/div>\n\n\n\n<div class=\"wp-block-column is-layout-flow wp-block-column-is-layout-flow\">\n<p><meta charset=\"utf-8\"><strong>Petite Maison<\/strong><\/p>\n\n\n\n<p><strong>Bedroom 4<\/strong> &#8211; Small Double 120&#215;190 &#8211; Sleeps 2 people<br><strong>Pool Room Bathroom<\/strong> &#8211; Shower, WC and Basin<\/p>\n<\/div>\n<\/div>\n\n\n\n<h1 class=\"has-text-align-center wp-block-heading\">A savoir sur cette propri\u00e9t\u00e9<\/h1>\n\n\n\n<p class=\"has-text-align-center\">Un moulin idyllique \u00e0 eau et en pierre du 17e si\u00e8cle, plein de caract\u00e8re, situ\u00e9 sur un affluent de la Dordogne, avec une petite maison s\u00e9par\u00e9e, une piscine, un \u00e9levage de truites et un terrain avec de grands noyers.<\/p>\n\n\n\n<p class=\"has-text-align-center\">L'entr\u00e9e principale s'ouvre sur une salle ouvert avec des poutres et des murs en pierre expos\u00e9s, compos\u00e9 d'une salle \u00e0 manger, d'une cuisine r\u00e9cemment install\u00e9e, d'un salon avec un cantou install\u00e9 avec un po\u00eale \u00e0 bois. Il y a une deuxi\u00e8me salle de r\u00e9ception de bonne taille avec des murs en pierre et des poutres expos\u00e9es, des fen\u00eatres sur les deux c\u00f4t\u00e9s avec une vue sur la mare et le terrain, une salle de toilette de bonne taille.<\/p>\n\n\n\n<p class=\"has-text-align-center\">L'escalier r\u00e9cemment install\u00e9 vous am\u00e8ne au deuxi\u00e8me \u00e9tage, o\u00f9 vous trouverez trois chambres pr\u00e9sentant toutes des poutres apparentes. Il y a \u00e9galement une salle de bain avec baignoire, douche, lavabo et WC.<\/p>\n\n\n\n<p class=\"has-text-align-center\">De l'autre c\u00f4t\u00e9 d'une petite cour de la maison principale se trouve une jolie petite maison, id\u00e9ale pour les invit\u00e9s. Elle dispose d'une cuisinette et d'une salle \u00e0 manger r\u00e9cemment install\u00e9es avec des poutres apparentes et des murs en pierre. Sur le c\u00f4t\u00e9 se trouve une chambre double, au deuxi\u00e8me \u00e9tage il y a un espace de travail qui peut etre utilis\u00e9 comme bureau ou comme chambre additionnelle. Au niveau plus bas, il y a une salle de bain avec WC \u00e0 bas niveau, douche et lavabo. Une caract\u00e9ristique unique de la petite maison est le grand four \u00e0 pain traditionnel.<\/p>\n\n\n\n<p class=\"has-text-align-center\">En descendant quelques marches, vous arrivez \u00e0 la piscine. La terrasse r\u00e9cemment restaur\u00e9e et offrant des vues sur le terrain et la rivi\u00e8re. La piscine de forme unique est chauff\u00e9e et poss\u00e8de une cascade.<\/p>\n\n\n\n<p class=\"has-text-align-center\">A l'ext\u00e9rieur, il y a une grande entr\u00e9e et une cour avec un parking pour de nombreux v\u00e9hicules, d'ici vous pouvez voir le terrain entour\u00e9 de bois. Le terrain est accessible par un petit pont au-dessus de la rivi\u00e8re ou par une entr\u00e9e s\u00e9par\u00e9e pour les v\u00e9hicules via un chemin bois\u00e9. Le terrain dispose d'une rivi\u00e8re pittoresque avec un d\u00e9versoir, des cascades et des pistes de course et a plusieurs noyers importants. En tout 14000m2 ( environ 3.5 acres)<\/p>\n\n\n\n<p class=\"has-text-align-center\">Le moulin date du milieu du 17\u00e8me si\u00e8cle et on pense qu'il avait \u00e0 l'origine une roue \u00e0 eau horizontale de style nordique utilis\u00e9e pour moudre la farine. Dans les ann\u00e9es 90, elle a \u00e9t\u00e9 remplac\u00e9e par une turbine horizontale. Aujourd'hui, la roue est pr\u00e9sente mais pas install\u00e9e. L'\u00e9cluse en \u00e9tat de marche contr\u00f4le le passage de l'\u00e9tang du moulin \u00e0 travers la chambre. Le moulin pourrait \u00eatre converti pour produire de l'\u00e9lectricit\u00e9.<\/p>\n\n\n\n<p class=\"has-text-align-center\">La source d'eau du moulin est souterraine, l'eau est riche en oxyg\u00e8ne et parfaite pour l'aquaculture, il y a des pistes de course qui \u00e9taient utilis\u00e9es pour l'elevage des truits. Le moulin \u00e9tait bien connu pour ses truites fra\u00eeches qui nourrissaient la communaut\u00e9.<\/p>\n\n\n\n<div class=\"wp-block-columns is-layout-flex wp-container-core-columns-is-layout-9d6595d7 wp-block-columns-is-layout-flex\">\n<div class=\"wp-block-column is-layout-flow wp-block-column-is-layout-flow\"><\/div>\n\n\n\n<div class=\"wp-block-column is-layout-flow wp-block-column-is-layout-flow\"><\/div>\n<\/div>","protected":false},"excerpt":{"rendered":"<p>&#8211; Guests 8&#8211; Bedrooms 4 ( 1 in the petite maison)&#8211; Private Pool&#8211; Riverside setting.&#8211; Change over Day : Saturday&#8211; Minimum stay 7 nights Main House Bedroom 1 &#8211; King Size Bed 150&#215;200 &#8211; Sleeps 2 peopleBedroom 2 &#8211; Double Full Bed 135&#215;190 &#8211; Sleeps 2 peopleBedroom 3 &#8211; 2x Single Beds 90&#215;190 &#8211; Sleeps 2 peopleFamily Bathroom &#8211; Bath with Shower, WC and Basin Petite Maison Bedroom 4 &#8211; Small Double 120&#215;190 &#8211; Sleeps 2 peoplePool Room Bathroom &#8211; Shower, WC and Basin About this property An idyllic stone <\/p>","protected":false},"author":1,"featured_media":0,"parent":0,"menu_order":0,"comment_status":"closed","ping_status":"closed","template":"","meta":{"footnotes":""},"class_list":["post-313","page","type-page","status-publish","hentry"],"_links":{"self":[{"href":"https:\/\/moulinenpierre.com\/fr\/wp-json\/wp\/v2\/pages\/313","targetHints":{"allow":["GET"]}}],"collection":[{"href":"https:\/\/moulinenpierre.com\/fr\/wp-json\/wp\/v2\/pages"}],"about":[{"href":"https:\/\/moulinenpierre.com\/fr\/wp-json\/wp\/v2\/types\/page"}],"author":[{"embeddable":true,"href":"https:\/\/moulinenpierre.com\/fr\/wp-json\/wp\/v2\/users\/1"}],"replies":[{"embeddable":true,"href":"https:\/\/moulinenpierre.com\/fr\/wp-json\/wp\/v2\/comments?post=313"}],"version-history":[{"count":50,"href":"https:\/\/moulinenpierre.com\/fr\/wp-json\/wp\/v2\/pages\/313\/revisions"}],"predecessor-version":[{"id":610,"href":"https:\/\/moulinenpierre.com\/fr\/wp-json\/wp\/v2\/pages\/313\/revisions\/610"}],"wp:attachment":[{"href":"https:\/\/moulinenpierre.com\/fr\/wp-json\/wp\/v2\/media?parent=313"}],"curies":[{"name":"wp","href":"https:\/\/api.w.org\/{rel}","templated":true}]}}